{"id":1284,"date":"2023-04-11T16:55:56","date_gmt":"2023-04-11T14:55:56","guid":{"rendered":"https:\/\/quellenhof-moelln.de\/feierlichkeiten\/"},"modified":"2023-06-15T12:06:46","modified_gmt":"2023-06-15T10:06:46","slug":"feierlichkeiten","status":"publish","type":"page","link":"https:\/\/quellenhof-moelln.de\/en\/feierlichkeiten\/","title":{"rendered":"Feierlichkeiten"},"content":{"rendered":"\t\t<div data-elementor-type=\"wp-page\" data-elementor-id=\"1284\" class=\"elementor elementor-1284 elementor-759\" data-elementor-settings=\"{&quot;ha_cmc_init_switcher&quot;:&quot;no&quot;}\" data-elementor-post-type=\"page\">\n\t\t\t\t\t\t<section class=\"elementor-section elementor-top-section elementor-element elementor-element-c88d9ed elementor-section-boxed elementor-section-height-default elementor-section-height-default\" data-id=\"c88d9ed\" data-element_type=\"section\" data-e-type=\"section\" data-settings=\"{&quot;background_background&quot;:&quot;classic&quot;,&quot;_ha_eqh_enable&quot;:false}\">\n\t\t\t\t\t\t\t<div class=\"elementor-background-overlay\"><\/div>\n\t\t\t\t\t\t\t<div class=\"elementor-container elementor-column-gap-default\">\n\t\t\t\t\t<div class=\"elementor-column elementor-col-100 elementor-top-column elementor-element elementor-element-4ad3f05\" data-id=\"4ad3f05\" data-element_type=\"column\" data-e-type=\"column\">\n\t\t\t<div class=\"elementor-widget-wrap elementor-element-populated\">\n\t\t\t\t\t\t<div class=\"elementor-element elementor-element-2da9b34 elementor-widget elementor-widget-spacer\" data-id=\"2da9b34\" data-element_type=\"widget\" data-e-type=\"widget\" data-widget_type=\"spacer.default\">\n\t\t\t\t<div class=\"elementor-widget-container\">\n\t\t\t\t\t\t\t<div class=\"elementor-spacer\">\n\t\t\t<div class=\"elementor-spacer-inner\"><\/div>\n\t\t<\/div>\n\t\t\t\t\t\t<\/div>\n\t\t\t\t<\/div>\n\t\t\t\t\t<\/div>\n\t\t<\/div>\n\t\t\t\t\t<\/div>\n\t\t<\/section>\n\t\t\t\t<section class=\"elementor-section elementor-top-section elementor-element elementor-element-7df84a5 elementor-section-boxed elementor-section-height-default elementor-section-height-default\" data-id=\"7df84a5\" data-element_type=\"section\" data-e-type=\"section\" data-settings=\"{&quot;background_background&quot;:&quot;classic&quot;,&quot;_ha_eqh_enable&quot;:false}\">\n\t\t\t\t\t\t<div class=\"elementor-container elementor-column-gap-default\">\n\t\t\t\t\t<div class=\"elementor-column elementor-col-100 elementor-top-column elementor-element elementor-element-f330912\" data-id=\"f330912\" data-element_type=\"column\" data-e-type=\"column\">\n\t\t\t<div class=\"elementor-widget-wrap elementor-element-populated\">\n\t\t\t\t\t\t<div class=\"elementor-element elementor-element-3d908c0 elementor-widget elementor-widget-heading\" data-id=\"3d908c0\" data-element_type=\"widget\" data-e-type=\"widget\" data-widget_type=\"heading.default\">\n\t\t\t\t<div class=\"elementor-widget-container\">\n\t\t\t\t\t<h2 class=\"elementor-heading-title elementor-size-default\">Feierlichkeiten<\/h2>\t\t\t\t<\/div>\n\t\t\t\t<\/div>\n\t\t\t\t<section class=\"elementor-section elementor-inner-section elementor-element elementor-element-11aa704 elementor-section-content-middle elementor-section-boxed elementor-section-height-default elementor-section-height-default\" data-id=\"11aa704\" data-element_type=\"section\" data-e-type=\"section\" data-settings=\"{&quot;_ha_eqh_enable&quot;:false}\">\n\t\t\t\t\t\t<div class=\"elementor-container elementor-column-gap-default\">\n\t\t\t\t\t<div class=\"elementor-column elementor-col-50 elementor-inner-column elementor-element elementor-element-77227a4\" data-id=\"77227a4\" data-element_type=\"column\" data-e-type=\"column\">\n\t\t\t<div class=\"elementor-widget-wrap elementor-element-populated\">\n\t\t\t\t\t\t<div class=\"elementor-element elementor-element-50de161 elementor-widget elementor-widget-image\" data-id=\"50de161\" data-element_type=\"widget\" data-e-type=\"widget\" data-widget_type=\"image.default\">\n\t\t\t\t<div class=\"elementor-widget-container\">\n\t\t\t\t\t\t\t\t\t\t\t\t\t\t\t<img fetchpriority=\"high\" decoding=\"async\" width=\"800\" height=\"534\" src=\"https:\/\/quellenhof-moelln.de\/wp-content\/uploads\/2023\/04\/Traumhochzeit312-1024x683.jpg\" class=\"attachment-large size-large wp-image-1214\" alt=\"\" srcset=\"https:\/\/quellenhof-moelln.de\/wp-content\/uploads\/2023\/04\/Traumhochzeit312-1024x683.jpg 1024w, https:\/\/quellenhof-moelln.de\/wp-content\/uploads\/2023\/04\/Traumhochzeit312-300x200.jpg 300w, https:\/\/quellenhof-moelln.de\/wp-content\/uploads\/2023\/04\/Traumhochzeit312-768x512.jpg 768w, https:\/\/quellenhof-moelln.de\/wp-content\/uploads\/2023\/04\/Traumhochzeit312.jpg 1500w\" sizes=\"(max-width: 800px) 100vw, 800px\" \/>\t\t\t\t\t\t\t\t\t\t\t\t\t\t\t<\/div>\n\t\t\t\t<\/div>\n\t\t\t\t\t<\/div>\n\t\t<\/div>\n\t\t\t\t<div class=\"elementor-column elementor-col-50 elementor-inner-column elementor-element elementor-element-f4b5042\" data-id=\"f4b5042\" data-element_type=\"column\" data-e-type=\"column\">\n\t\t\t<div class=\"elementor-widget-wrap elementor-element-populated\">\n\t\t\t\t\t\t<div class=\"elementor-element elementor-element-7087cef elementor-widget elementor-widget-text-editor\" data-id=\"7087cef\" data-element_type=\"widget\" data-e-type=\"widget\" data-widget_type=\"text-editor.default\">\n\t\t\t\t<div class=\"elementor-widget-container\">\n\t\t\t\t\t\t\t\t\t<p>Gerne richten wir Feierlichkeiten jeglicher Art\u00a0 und Gr\u00f6\u00dfe f\u00fcr Sie aus.\u00a0Ob im kleinen Rahmen, im gr\u00f6\u00dferen Stil oder als festliche Gala.\u00a0Die einzigartige Aussicht und Auswahl an verschiedenen Veranstaltungs-r\u00e4umen erm\u00f6glichen Ihnen eine Vielfalt an verschiedenen M\u00f6glichkeiten\u00a0f\u00fcr Ihre Feierlichkeit.<br \/><br \/>Genie\u00dfen Sie mit Ihren G\u00e4sten unsere verfeinerte gutb\u00fcrgerliche K\u00fcche mit regionalen Spezialit\u00e4ten und lassen Sie sich von unserem Team eine unvergessliche Zeit bereiten.<\/p>\t\t\t\t\t\t\t\t<\/div>\n\t\t\t\t<\/div>\n\t\t\t\t<div class=\"elementor-element elementor-element-4cb9f3b elementor-align-left elementor-widget elementor-widget-button\" data-id=\"4cb9f3b\" data-element_type=\"widget\" data-e-type=\"widget\" data-widget_type=\"button.default\">\n\t\t\t\t<div class=\"elementor-widget-container\">\n\t\t\t\t\t\t\t\t\t<div class=\"elementor-button-wrapper\">\n\t\t\t\t\t<a class=\"elementor-button elementor-button-link elementor-size-sm\" href=\"https:\/\/quellenhof-moelln.de\/wp-content\/uploads\/2023\/06\/Hochzeit2023.pdf\" target=\"_blank\">\n\t\t\t\t\t\t<span class=\"elementor-button-content-wrapper\">\n\t\t\t\t\t\t\t\t\t<span class=\"elementor-button-text\">Unsere R\u00e4umlichkeiten finden Sie hier<\/span>\n\t\t\t\t\t<\/span>\n\t\t\t\t\t<\/a>\n\t\t\t\t<\/div>\n\t\t\t\t\t\t\t\t<\/div>\n\t\t\t\t<\/div>\n\t\t\t\t\t<\/div>\n\t\t<\/div>\n\t\t\t\t\t<\/div>\n\t\t<\/section>\n\t\t\t\t<section class=\"elementor-section elementor-inner-section elementor-element elementor-element-a732e92 elementor-section-content-middle elementor-section-boxed elementor-section-height-default elementor-section-height-default\" data-id=\"a732e92\" data-element_type=\"section\" data-e-type=\"section\" data-settings=\"{&quot;_ha_eqh_enable&quot;:false}\">\n\t\t\t\t\t\t<div class=\"elementor-container elementor-column-gap-default\">\n\t\t\t\t\t<div class=\"elementor-column elementor-col-50 elementor-inner-column elementor-element elementor-element-5b2b825\" data-id=\"5b2b825\" data-element_type=\"column\" data-e-type=\"column\">\n\t\t\t<div class=\"elementor-widget-wrap elementor-element-populated\">\n\t\t\t\t\t\t<div class=\"elementor-element elementor-element-e6a26fa elementor-widget elementor-widget-text-editor\" data-id=\"e6a26fa\" data-element_type=\"widget\" data-e-type=\"widget\" data-widget_type=\"text-editor.default\">\n\t\t\t\t<div class=\"elementor-widget-container\">\n\t\t\t\t\t\t\t\t\t<p>Gerne beraten wir Sie in einem pers\u00f6nlichen Gespr\u00e4ch zu Ihrer Feier.\u00a0Machen Sie einen Termin unter <a href=\"tel:+49454285420\">04542 &#8211; 85 420<\/a> oder nutzen Sie\u00a0unser <a href=\"#allg-anfrage\">Anfrage Formular<\/a>.<\/p><p>Unsere Veranstaltungsr\u00e4ume sind behindertenfreundlich ausgebaut. Breite T\u00fcren, keine Stufen und ein behinderten gerechtes WC runden Ihren Besuch bei uns ab.<\/p><p>Unsere K\u00fcche bietet\u00a0zu allen Anl\u00e4ssen eine gro\u00dfe Auswahl an\u00a0Men\u00fc, Buffet und Brunch Angeboten.<\/p>\t\t\t\t\t\t\t\t<\/div>\n\t\t\t\t<\/div>\n\t\t\t\t\t<\/div>\n\t\t<\/div>\n\t\t\t\t<div class=\"elementor-column elementor-col-50 elementor-inner-column elementor-element elementor-element-df42cf2\" data-id=\"df42cf2\" data-element_type=\"column\" data-e-type=\"column\">\n\t\t\t<div class=\"elementor-widget-wrap elementor-element-populated\">\n\t\t\t\t\t\t<div class=\"elementor-element elementor-element-b085009 elementor-widget elementor-widget-image\" data-id=\"b085009\" data-element_type=\"widget\" data-e-type=\"widget\" data-widget_type=\"image.default\">\n\t\t\t\t<div class=\"elementor-widget-container\">\n\t\t\t\t\t\t\t\t\t\t\t\t\t\t\t<img decoding=\"async\" width=\"800\" height=\"534\" src=\"https:\/\/quellenhof-moelln.de\/wp-content\/uploads\/2023\/04\/Traumhochzeit309-1024x683.jpg\" class=\"attachment-large size-large wp-image-1212\" alt=\"\" srcset=\"https:\/\/quellenhof-moelln.de\/wp-content\/uploads\/2023\/04\/Traumhochzeit309-1024x683.jpg 1024w, https:\/\/quellenhof-moelln.de\/wp-content\/uploads\/2023\/04\/Traumhochzeit309-300x200.jpg 300w, https:\/\/quellenhof-moelln.de\/wp-content\/uploads\/2023\/04\/Traumhochzeit309-768x512.jpg 768w, https:\/\/quellenhof-moelln.de\/wp-content\/uploads\/2023\/04\/Traumhochzeit309.jpg 1500w\" sizes=\"(max-width: 800px) 100vw, 800px\" \/>\t\t\t\t\t\t\t\t\t\t\t\t\t\t\t<\/div>\n\t\t\t\t<\/div>\n\t\t\t\t\t<\/div>\n\t\t<\/div>\n\t\t\t\t\t<\/div>\n\t\t<\/section>\n\t\t\t\t\t<\/div>\n\t\t<\/div>\n\t\t\t\t\t<\/div>\n\t\t<\/section>\n\t\t\t\t<\/div>\n\t\t","protected":false},"excerpt":{"rendered":"<p>Feierlichkeiten Gerne richten wir Feierlichkeiten jeglicher Art&nbsp; und Gr\u00f6\u00dfe f\u00fcr Sie aus.&nbsp;Ob im kleinen Rahmen, im gr\u00f6\u00dferen Stil oder als festliche Gala.&nbsp;Die einzigartige Aussicht und Auswahl an verschiedenen Veranstaltungs-r\u00e4umen erm\u00f6glichen Ihnen eine Vielfalt an verschiedenen M\u00f6glichkeiten&nbsp;f\u00fcr Ihre Feierlichkeit. Genie\u00dfen Sie mit Ihren G\u00e4sten unsere verfeinerte gutb\u00fcrgerliche K\u00fcche mit regionalen Spezialit\u00e4ten und lassen Sie sich von [&hellip;]<\/p>\n","protected":false},"author":2,"featured_media":0,"parent":0,"menu_order":90,"comment_status":"closed","ping_status":"closed","template":"","meta":{"footnotes":""},"class_list":["post-1284","page","type-page","status-publish","hentry"],"_links":{"self":[{"href":"https:\/\/quellenhof-moelln.de\/en\/wp-json\/wp\/v2\/pages\/1284","targetHints":{"allow":["GET"]}}],"collection":[{"href":"https:\/\/quellenhof-moelln.de\/en\/wp-json\/wp\/v2\/pages"}],"about":[{"href":"https:\/\/quellenhof-moelln.de\/en\/wp-json\/wp\/v2\/types\/page"}],"author":[{"embeddable":true,"href":"https:\/\/quellenhof-moelln.de\/en\/wp-json\/wp\/v2\/users\/2"}],"replies":[{"embeddable":true,"href":"https:\/\/quellenhof-moelln.de\/en\/wp-json\/wp\/v2\/comments?post=1284"}],"version-history":[{"count":1,"href":"https:\/\/quellenhof-moelln.de\/en\/wp-json\/wp\/v2\/pages\/1284\/revisions"}],"predecessor-version":[{"id":1286,"href":"https:\/\/quellenhof-moelln.de\/en\/wp-json\/wp\/v2\/pages\/1284\/revisions\/1286"}],"wp:attachment":[{"href":"https:\/\/quellenhof-moelln.de\/en\/wp-json\/wp\/v2\/media?parent=1284"}],"curies":[{"name":"wp","href":"https:\/\/api.w.org\/{rel}","templated":true}]}}