{"id":1266,"date":"2023-04-12T09:30:00","date_gmt":"2023-04-12T07:30:00","guid":{"rendered":"https:\/\/quellenhof-moelln.de\/party-service\/"},"modified":"2023-06-15T12:05:25","modified_gmt":"2023-06-15T10:05:25","slug":"party-service","status":"publish","type":"page","link":"https:\/\/quellenhof-moelln.de\/en\/party-service\/","title":{"rendered":"Party-Service"},"content":{"rendered":"\t\t<div data-elementor-type=\"wp-page\" data-elementor-id=\"1266\" class=\"elementor elementor-1266 elementor-820\" data-elementor-settings=\"{&quot;ha_cmc_init_switcher&quot;:&quot;no&quot;}\" data-elementor-post-type=\"page\">\n\t\t\t\t\t\t<section class=\"elementor-section elementor-top-section elementor-element elementor-element-c88d9ed elementor-section-boxed elementor-section-height-default elementor-section-height-default\" data-id=\"c88d9ed\" data-element_type=\"section\" data-e-type=\"section\" data-settings=\"{&quot;background_background&quot;:&quot;classic&quot;,&quot;_ha_eqh_enable&quot;:false}\">\n\t\t\t\t\t\t\t<div class=\"elementor-background-overlay\"><\/div>\n\t\t\t\t\t\t\t<div class=\"elementor-container elementor-column-gap-default\">\n\t\t\t\t\t<div class=\"elementor-column elementor-col-100 elementor-top-column elementor-element elementor-element-4ad3f05\" data-id=\"4ad3f05\" data-element_type=\"column\" data-e-type=\"column\">\n\t\t\t<div class=\"elementor-widget-wrap elementor-element-populated\">\n\t\t\t\t\t\t<div class=\"elementor-element elementor-element-2da9b34 elementor-widget elementor-widget-spacer\" data-id=\"2da9b34\" data-element_type=\"widget\" data-e-type=\"widget\" data-widget_type=\"spacer.default\">\n\t\t\t\t<div class=\"elementor-widget-container\">\n\t\t\t\t\t\t\t<div class=\"elementor-spacer\">\n\t\t\t<div class=\"elementor-spacer-inner\"><\/div>\n\t\t<\/div>\n\t\t\t\t\t\t<\/div>\n\t\t\t\t<\/div>\n\t\t\t\t\t<\/div>\n\t\t<\/div>\n\t\t\t\t\t<\/div>\n\t\t<\/section>\n\t\t\t\t<section class=\"elementor-section elementor-top-section elementor-element elementor-element-47e07fe elementor-section-boxed elementor-section-height-default elementor-section-height-default\" data-id=\"47e07fe\" data-element_type=\"section\" data-e-type=\"section\" data-settings=\"{&quot;background_background&quot;:&quot;classic&quot;,&quot;_ha_eqh_enable&quot;:false}\">\n\t\t\t\t\t\t<div class=\"elementor-container elementor-column-gap-default\">\n\t\t\t\t\t<div class=\"elementor-column elementor-col-100 elementor-top-column elementor-element elementor-element-89f7faf\" data-id=\"89f7faf\" data-element_type=\"column\" data-e-type=\"column\">\n\t\t\t<div class=\"elementor-widget-wrap elementor-element-populated\">\n\t\t\t\t\t\t<div class=\"elementor-element elementor-element-3d908c0 elementor-widget elementor-widget-heading\" data-id=\"3d908c0\" data-element_type=\"widget\" data-e-type=\"widget\" data-widget_type=\"heading.default\">\n\t\t\t\t<div class=\"elementor-widget-container\">\n\t\t\t\t\t<h1 class=\"elementor-heading-title elementor-size-default\">Party-Service<\/h1>\t\t\t\t<\/div>\n\t\t\t\t<\/div>\n\t\t\t\t<section class=\"elementor-section elementor-inner-section elementor-element elementor-element-32274ba elementor-section-content-middle elementor-section-boxed elementor-section-height-default elementor-section-height-default\" data-id=\"32274ba\" data-element_type=\"section\" data-e-type=\"section\" data-settings=\"{&quot;_ha_eqh_enable&quot;:false}\">\n\t\t\t\t\t\t<div class=\"elementor-container elementor-column-gap-default\">\n\t\t\t\t\t<div class=\"elementor-column elementor-col-50 elementor-inner-column elementor-element elementor-element-ed1685e\" data-id=\"ed1685e\" data-element_type=\"column\" data-e-type=\"column\">\n\t\t\t<div class=\"elementor-widget-wrap elementor-element-populated\">\n\t\t\t\t\t\t<div class=\"elementor-element elementor-element-5b08ff2 elementor-widget elementor-widget-image\" data-id=\"5b08ff2\" data-element_type=\"widget\" data-e-type=\"widget\" data-widget_type=\"image.default\">\n\t\t\t\t<div class=\"elementor-widget-container\">\n\t\t\t\t\t\t\t\t\t\t\t\t\t\t\t<img fetchpriority=\"high\" decoding=\"async\" width=\"800\" height=\"534\" src=\"https:\/\/quellenhof-moelln.de\/wp-content\/uploads\/2023\/04\/Traumhochzeit314-1024x683.jpg\" class=\"attachment-large size-large wp-image-1216\" alt=\"\" srcset=\"https:\/\/quellenhof-moelln.de\/wp-content\/uploads\/2023\/04\/Traumhochzeit314-1024x683.jpg 1024w, https:\/\/quellenhof-moelln.de\/wp-content\/uploads\/2023\/04\/Traumhochzeit314-300x200.jpg 300w, https:\/\/quellenhof-moelln.de\/wp-content\/uploads\/2023\/04\/Traumhochzeit314-768x512.jpg 768w, https:\/\/quellenhof-moelln.de\/wp-content\/uploads\/2023\/04\/Traumhochzeit314.jpg 1500w\" sizes=\"(max-width: 800px) 100vw, 800px\" \/>\t\t\t\t\t\t\t\t\t\t\t\t\t\t\t<\/div>\n\t\t\t\t<\/div>\n\t\t\t\t<div class=\"elementor-element elementor-element-a1d5e84 elementor-widget elementor-widget-image\" data-id=\"a1d5e84\" data-element_type=\"widget\" data-e-type=\"widget\" data-widget_type=\"image.default\">\n\t\t\t\t<div class=\"elementor-widget-container\">\n\t\t\t\t\t\t\t\t\t\t\t\t\t\t\t<img decoding=\"async\" width=\"390\" height=\"247\" src=\"https:\/\/quellenhof-moelln.de\/wp-content\/uploads\/2023\/04\/partyservice.jpg\" class=\"attachment-large size-large wp-image-1220\" alt=\"\" srcset=\"https:\/\/quellenhof-moelln.de\/wp-content\/uploads\/2023\/04\/partyservice.jpg 390w, https:\/\/quellenhof-moelln.de\/wp-content\/uploads\/2023\/04\/partyservice-300x190.jpg 300w\" sizes=\"(max-width: 390px) 100vw, 390px\" \/>\t\t\t\t\t\t\t\t\t\t\t\t\t\t\t<\/div>\n\t\t\t\t<\/div>\n\t\t\t\t\t<\/div>\n\t\t<\/div>\n\t\t\t\t<div class=\"elementor-column elementor-col-50 elementor-inner-column elementor-element elementor-element-2b48dfc\" data-id=\"2b48dfc\" data-element_type=\"column\" data-e-type=\"column\">\n\t\t\t<div class=\"elementor-widget-wrap elementor-element-populated\">\n\t\t\t\t\t\t<div class=\"elementor-element elementor-element-7da0b8a elementor-widget elementor-widget-text-editor\" data-id=\"7da0b8a\" data-element_type=\"widget\" data-e-type=\"widget\" data-widget_type=\"text-editor.default\">\n\t\t\t\t<div class=\"elementor-widget-container\">\n\t\t\t\t\t\t\t\t\t<div id=\"column-wrap-id-1517328699\" class=\"sppb-col-sm-6\"><div id=\"column-id-1517328699\" class=\"sppb-column \"><div class=\"sppb-column-addons\"><div id=\"sppb-addon-wrapper-1517328700\" class=\"sppb-addon-wrapper\"><div id=\"sppb-addon-1517328700\" class=\"clearfix \"><div class=\"sppb-addon sppb-addon-text-block sppb-text-left \"><div class=\"sppb-addon-content\"><p>Feiern Sie mit Ihren G\u00e4sten und legen Sie die Arbeit in unsere H\u00e4nde.<\/p><p>Profitieren Sie als Gastgeber von unserer Erfahrung und unserer Zuverl\u00e4ssigkeit.<\/p><p>W\u00e4hlen Sie vom rustikalen Braten mit Krautsalat, \u00fcber Men\u00fc oder Buffetvariationen bishin zum vollst\u00e4ndigen Catering mit Tischen, Polsterst\u00fchlen, Geschirr, Besteck und Dekoration aus unserer Party-Service Karte.<\/p><p>Wir liefern an 360 Tagen im Jahr und runden gerne unsere Vorschl\u00e4ge mit Ihren W\u00fcnschen ab.<\/p><p>W\u00e4hlen Sie vom einfachen Braten mit Krautsalat bis zum vollst\u00e4ndigen Catering mit Tischen, Polsterst\u00fchlen, Geschirr, Besteck, Dekoration und B\u00fchnenelementen.<\/p><\/div><\/div><\/div><\/div><\/div><\/div><\/div>\t\t\t\t\t\t\t\t<\/div>\n\t\t\t\t<\/div>\n\t\t\t\t<div class=\"elementor-element elementor-element-f5d3c67 elementor-align-left elementor-widget elementor-widget-button\" data-id=\"f5d3c67\" data-element_type=\"widget\" data-e-type=\"widget\" data-widget_type=\"button.default\">\n\t\t\t\t<div class=\"elementor-widget-container\">\n\t\t\t\t\t\t\t\t\t<div class=\"elementor-button-wrapper\">\n\t\t\t\t\t<a class=\"elementor-button elementor-button-link elementor-size-sm\" href=\"#elementor-action%3Aaction%3Dpopup%3Aopen%26settings%3DeyJpZCI6ODI4LCJ0b2dnbGUiOmZhbHNlfQ%3D%3D\">\n\t\t\t\t\t\t<span class=\"elementor-button-content-wrapper\">\n\t\t\t\t\t\t\t\t\t<span class=\"elementor-button-text\">Catering Anfrage stellen<\/span>\n\t\t\t\t\t<\/span>\n\t\t\t\t\t<\/a>\n\t\t\t\t<\/div>\n\t\t\t\t\t\t\t\t<\/div>\n\t\t\t\t<\/div>\n\t\t\t\t\t<\/div>\n\t\t<\/div>\n\t\t\t\t\t<\/div>\n\t\t<\/section>\n\t\t\t\t\t<\/div>\n\t\t<\/div>\n\t\t\t\t\t<\/div>\n\t\t<\/section>\n\t\t\t\t<section class=\"elementor-section elementor-top-section elementor-element elementor-element-9ee45fd elementor-section-boxed elementor-section-height-default elementor-section-height-default\" data-id=\"9ee45fd\" data-element_type=\"section\" data-e-type=\"section\" data-settings=\"{&quot;background_background&quot;:&quot;classic&quot;,&quot;_ha_eqh_enable&quot;:false}\">\n\t\t\t\t\t\t\t<div class=\"elementor-background-overlay\"><\/div>\n\t\t\t\t\t\t\t<div class=\"elementor-container elementor-column-gap-extended\">\n\t\t\t\t\t<div class=\"elementor-column elementor-col-100 elementor-top-column elementor-element elementor-element-a5ae9d7\" data-id=\"a5ae9d7\" data-element_type=\"column\" data-e-type=\"column\">\n\t\t\t<div class=\"elementor-widget-wrap elementor-element-populated\">\n\t\t\t\t\t\t<div class=\"elementor-element elementor-element-0c8ad39 elementor-widget elementor-widget-heading\" data-id=\"0c8ad39\" data-element_type=\"widget\" data-e-type=\"widget\" data-widget_type=\"heading.default\">\n\t\t\t\t<div class=\"elementor-widget-container\">\n\t\t\t\t\t<h2 class=\"elementor-heading-title elementor-size-default\">Partyservice Preislisten<\/h2>\t\t\t\t<\/div>\n\t\t\t\t<\/div>\n\t\t\t\t<div class=\"elementor-element elementor-element-3f5c0be elementor-widget elementor-widget-text-editor\" data-id=\"3f5c0be\" data-element_type=\"widget\" data-e-type=\"widget\" data-widget_type=\"text-editor.default\">\n\t\t\t\t<div class=\"elementor-widget-container\">\n\t\t\t\t\t\t\t\t\t<p>Wir freuen uns Ihnen und Ihren G\u00e4sten ein paar unvergessliche Stunden bereiten zu d\u00fcrfen.<br \/>Telefon: 04542 &#8211; 85 420<\/p>\t\t\t\t\t\t\t\t<\/div>\n\t\t\t\t<\/div>\n\t\t\t\t<div class=\"elementor-element elementor-element-0633934 elementor-align-center elementor-widget elementor-widget-button\" data-id=\"0633934\" data-element_type=\"widget\" data-e-type=\"widget\" data-widget_type=\"button.default\">\n\t\t\t\t<div class=\"elementor-widget-container\">\n\t\t\t\t\t\t\t\t\t<div class=\"elementor-button-wrapper\">\n\t\t\t\t\t<a class=\"elementor-button elementor-button-link elementor-size-sm\" href=\"https:\/\/quellenhof-moelln.de\/wp-content\/uploads\/2023\/06\/Partyservice2023.pdf\" target=\"_blank\">\n\t\t\t\t\t\t<span class=\"elementor-button-content-wrapper\">\n\t\t\t\t\t\t\t\t\t<span class=\"elementor-button-text\">UNSERE PREISLISTEN  F\u00dcR 2023 PDF<\/span>\n\t\t\t\t\t<\/span>\n\t\t\t\t\t<\/a>\n\t\t\t\t<\/div>\n\t\t\t\t\t\t\t\t<\/div>\n\t\t\t\t<\/div>\n\t\t\t\t\t<\/div>\n\t\t<\/div>\n\t\t\t\t\t<\/div>\n\t\t<\/section>\n\t\t\t\t<\/div>\n\t\t","protected":false},"excerpt":{"rendered":"<p>Party-Service Feiern Sie mit Ihren G\u00e4sten und legen Sie die Arbeit in unsere H\u00e4nde. Profitieren Sie als Gastgeber von unserer Erfahrung und unserer Zuverl\u00e4ssigkeit. W\u00e4hlen Sie vom rustikalen Braten mit Krautsalat, \u00fcber Men\u00fc oder Buffetvariationen bishin zum vollst\u00e4ndigen Catering mit Tischen, Polsterst\u00fchlen, Geschirr, Besteck und Dekoration aus unserer Party-Service Karte. Wir liefern an 360 Tagen [&hellip;]<\/p>\n","protected":false},"author":2,"featured_media":0,"parent":0,"menu_order":40,"comment_status":"closed","ping_status":"closed","template":"","meta":{"footnotes":""},"class_list":["post-1266","page","type-page","status-publish","hentry"],"_links":{"self":[{"href":"https:\/\/quellenhof-moelln.de\/en\/wp-json\/wp\/v2\/pages\/1266","targetHints":{"allow":["GET"]}}],"collection":[{"href":"https:\/\/quellenhof-moelln.de\/en\/wp-json\/wp\/v2\/pages"}],"about":[{"href":"https:\/\/quellenhof-moelln.de\/en\/wp-json\/wp\/v2\/types\/page"}],"author":[{"embeddable":true,"href":"https:\/\/quellenhof-moelln.de\/en\/wp-json\/wp\/v2\/users\/2"}],"replies":[{"embeddable":true,"href":"https:\/\/quellenhof-moelln.de\/en\/wp-json\/wp\/v2\/comments?post=1266"}],"version-history":[{"count":1,"href":"https:\/\/quellenhof-moelln.de\/en\/wp-json\/wp\/v2\/pages\/1266\/revisions"}],"predecessor-version":[{"id":1268,"href":"https:\/\/quellenhof-moelln.de\/en\/wp-json\/wp\/v2\/pages\/1266\/revisions\/1268"}],"wp:attachment":[{"href":"https:\/\/quellenhof-moelln.de\/en\/wp-json\/wp\/v2\/media?parent=1266"}],"curies":[{"name":"wp","href":"https:\/\/api.w.org\/{rel}","templated":true}]}}