{"id":1248,"date":"2023-04-06T16:01:59","date_gmt":"2023-04-06T14:01:59","guid":{"rendered":"https:\/\/quellenhof-moelln.de\/quellenhof-moelln\/gutscheine\/"},"modified":"2026-04-14T11:04:34","modified_gmt":"2026-04-14T09:04:34","slug":"gutscheine","status":"publish","type":"page","link":"https:\/\/quellenhof-moelln.de\/en\/quellenhof-moelln\/gutscheine\/","title":{"rendered":"Gutscheine"},"content":{"rendered":"\t\t<div data-elementor-type=\"wp-page\" data-elementor-id=\"1248\" class=\"elementor elementor-1248 elementor-558\" data-elementor-settings=\"{&quot;ha_cmc_init_switcher&quot;:&quot;no&quot;}\" data-elementor-post-type=\"page\">\n\t\t\t\t\t\t<section class=\"elementor-section elementor-top-section elementor-element elementor-element-c88d9ed elementor-section-boxed elementor-section-height-default elementor-section-height-default\" data-id=\"c88d9ed\" data-element_type=\"section\" data-e-type=\"section\" data-settings=\"{&quot;background_background&quot;:&quot;classic&quot;,&quot;_ha_eqh_enable&quot;:false}\">\n\t\t\t\t\t\t\t<div class=\"elementor-background-overlay\"><\/div>\n\t\t\t\t\t\t\t<div class=\"elementor-container elementor-column-gap-default\">\n\t\t\t\t\t<div class=\"elementor-column elementor-col-100 elementor-top-column elementor-element elementor-element-4ad3f05\" data-id=\"4ad3f05\" data-element_type=\"column\" data-e-type=\"column\">\n\t\t\t<div class=\"elementor-widget-wrap elementor-element-populated\">\n\t\t\t\t\t\t<div class=\"elementor-element elementor-element-2da9b34 elementor-widget elementor-widget-spacer\" data-id=\"2da9b34\" data-element_type=\"widget\" data-e-type=\"widget\" data-widget_type=\"spacer.default\">\n\t\t\t\t<div class=\"elementor-widget-container\">\n\t\t\t\t\t\t\t<div class=\"elementor-spacer\">\n\t\t\t<div class=\"elementor-spacer-inner\"><\/div>\n\t\t<\/div>\n\t\t\t\t\t\t<\/div>\n\t\t\t\t<\/div>\n\t\t\t\t\t<\/div>\n\t\t<\/div>\n\t\t\t\t\t<\/div>\n\t\t<\/section>\n\t\t\t\t<section class=\"elementor-section elementor-top-section elementor-element elementor-element-47e07fe elementor-section-boxed elementor-section-height-default elementor-section-height-default\" data-id=\"47e07fe\" data-element_type=\"section\" data-e-type=\"section\" data-settings=\"{&quot;background_background&quot;:&quot;classic&quot;,&quot;_ha_eqh_enable&quot;:false}\">\n\t\t\t\t\t\t<div class=\"elementor-container elementor-column-gap-default\">\n\t\t\t\t\t<div class=\"elementor-column elementor-col-100 elementor-top-column elementor-element elementor-element-89f7faf\" data-id=\"89f7faf\" data-element_type=\"column\" data-e-type=\"column\">\n\t\t\t<div class=\"elementor-widget-wrap elementor-element-populated\">\n\t\t\t\t\t\t<div class=\"elementor-element elementor-element-3d908c0 elementor-widget elementor-widget-heading\" data-id=\"3d908c0\" data-element_type=\"widget\" data-e-type=\"widget\" data-widget_type=\"heading.default\">\n\t\t\t\t<div class=\"elementor-widget-container\">\n\t\t\t\t\t<h1 class=\"elementor-heading-title elementor-size-default\">Unsere Geschenk-Gutscheine<\/h1>\t\t\t\t<\/div>\n\t\t\t\t<\/div>\n\t\t\t\t<section class=\"elementor-section elementor-inner-section elementor-element elementor-element-32274ba elementor-section-content-middle elementor-section-boxed elementor-section-height-default elementor-section-height-default\" data-id=\"32274ba\" data-element_type=\"section\" data-e-type=\"section\" data-settings=\"{&quot;_ha_eqh_enable&quot;:false}\">\n\t\t\t\t\t\t<div class=\"elementor-container elementor-column-gap-default\">\n\t\t\t\t\t<div class=\"elementor-column elementor-col-50 elementor-inner-column elementor-element elementor-element-ed1685e\" data-id=\"ed1685e\" data-element_type=\"column\" data-e-type=\"column\">\n\t\t\t<div class=\"elementor-widget-wrap elementor-element-populated\">\n\t\t\t\t\t\t<div class=\"elementor-element elementor-element-10bba48 elementor-widget elementor-widget-image\" data-id=\"10bba48\" data-element_type=\"widget\" data-e-type=\"widget\" data-widget_type=\"image.default\">\n\t\t\t\t<div class=\"elementor-widget-container\">\n\t\t\t\t\t\t\t\t\t\t\t\t\t\t\t<img fetchpriority=\"high\" decoding=\"async\" width=\"768\" height=\"477\" src=\"https:\/\/quellenhof-moelln.de\/wp-content\/uploads\/2023\/04\/gutschein-768x477.jpg\" class=\"attachment-medium_large size-medium_large wp-image-1178\" alt=\"\" srcset=\"https:\/\/quellenhof-moelln.de\/wp-content\/uploads\/2023\/04\/gutschein-768x477.jpg 768w, https:\/\/quellenhof-moelln.de\/wp-content\/uploads\/2023\/04\/gutschein-300x186.jpg 300w, https:\/\/quellenhof-moelln.de\/wp-content\/uploads\/2023\/04\/gutschein.jpg 960w\" sizes=\"(max-width: 768px) 100vw, 768px\" \/>\t\t\t\t\t\t\t\t\t\t\t\t\t\t\t<\/div>\n\t\t\t\t<\/div>\n\t\t\t\t\t<\/div>\n\t\t<\/div>\n\t\t\t\t<div class=\"elementor-column elementor-col-50 elementor-inner-column elementor-element elementor-element-2b48dfc\" data-id=\"2b48dfc\" data-element_type=\"column\" data-e-type=\"column\">\n\t\t\t<div class=\"elementor-widget-wrap elementor-element-populated\">\n\t\t\t\t\t\t<div class=\"elementor-element elementor-element-7da0b8a elementor-widget elementor-widget-text-editor\" data-id=\"7da0b8a\" data-element_type=\"widget\" data-e-type=\"widget\" data-widget_type=\"text-editor.default\">\n\t\t\t\t<div class=\"elementor-widget-container\">\n\t\t\t\t\t\t\t\t\t<p>Wie jedes Jahr kommen Geburtstage, Jubil\u00e4en, Hochzeitstage und Feiertage immer ganz pl\u00f6tzlich daher.<\/p><p>Ein Geschenk-Gutschein vom Quellenhof M\u00f6lln ist immer eine super Geschenkidee. Egal ob einen Wertgutschein mit Betrag, einen Gutschein zum Brunch oder Fr\u00fchst\u00fcck oder f\u00fcr eine \u00dcbernachtung bei uns im Hotel wir k\u00f6nnen jeden Gutschein individuell auf Sie zuschneiden.<\/p><p>Gern beraten wir Sie telefonisch unter 0 45 42 \/ 85 420 oder per\u00a0<a class=\"mail\" title=\"Gutschein-Anfrage\" href=\"mailto:info@quellenhof-moelln.de\">E-Mail<\/a>\u00a0und erstellen Ihnen einen individuellen Gutschein ganz nach Ihren W\u00fcnschen.<\/p>\t\t\t\t\t\t\t\t<\/div>\n\t\t\t\t<\/div>\n\t\t\t\t\t<\/div>\n\t\t<\/div>\n\t\t\t\t\t<\/div>\n\t\t<\/section>\n\t\t\t\t\t<\/div>\n\t\t<\/div>\n\t\t\t\t\t<\/div>\n\t\t<\/section>\n\t\t\t\t<section class=\"elementor-section elementor-top-section elementor-element elementor-element-9ee45fd elementor-section-boxed elementor-section-height-default elementor-section-height-default\" data-id=\"9ee45fd\" data-element_type=\"section\" data-e-type=\"section\" data-settings=\"{&quot;background_background&quot;:&quot;classic&quot;,&quot;_ha_eqh_enable&quot;:false}\">\n\t\t\t\t\t\t\t<div class=\"elementor-background-overlay\"><\/div>\n\t\t\t\t\t\t\t<div class=\"elementor-container elementor-column-gap-extended\">\n\t\t\t\t\t<div class=\"elementor-column elementor-col-100 elementor-top-column elementor-element elementor-element-a5ae9d7\" data-id=\"a5ae9d7\" data-element_type=\"column\" data-e-type=\"column\">\n\t\t\t<div class=\"elementor-widget-wrap elementor-element-populated\">\n\t\t\t\t\t\t<div class=\"elementor-element elementor-element-0c8ad39 elementor-widget elementor-widget-heading\" data-id=\"0c8ad39\" data-element_type=\"widget\" data-e-type=\"widget\" data-widget_type=\"heading.default\">\n\t\t\t\t<div class=\"elementor-widget-container\">\n\t\t\t\t\t<h2 class=\"elementor-heading-title elementor-size-default\">Zimmerbuchung<\/h2>\t\t\t\t<\/div>\n\t\t\t\t<\/div>\n\t\t\t\t<div class=\"elementor-element elementor-element-afa0d11 elementor-widget elementor-widget-heading\" data-id=\"afa0d11\" data-element_type=\"widget\" data-e-type=\"widget\" data-widget_type=\"heading.default\">\n\t\t\t\t<div class=\"elementor-widget-container\">\n\t\t\t\t\t<h2 class=\"elementor-heading-title elementor-size-default\">Hier k\u00f6nnen Sie Ihr Wunschzimmer w\u00e4hlen<\/h2>\t\t\t\t<\/div>\n\t\t\t\t<\/div>\n\t\t\t\t<div class=\"elementor-element elementor-element-f5d3c67 elementor-align-center elementor-widget elementor-widget-button\" data-id=\"f5d3c67\" data-element_type=\"widget\" data-e-type=\"widget\" data-widget_type=\"button.default\">\n\t\t\t\t<div class=\"elementor-widget-container\">\n\t\t\t\t\t\t\t\t\t<div class=\"elementor-button-wrapper\">\n\t\t\t\t\t<a class=\"elementor-button elementor-button-link elementor-size-sm\" href=\"#\">\n\t\t\t\t\t\t<span class=\"elementor-button-content-wrapper\">\n\t\t\t\t\t\t\t\t\t<span class=\"elementor-button-text\">DIREKT ZUR BUCHUNG<\/span>\n\t\t\t\t\t<\/span>\n\t\t\t\t\t<\/a>\n\t\t\t\t<\/div>\n\t\t\t\t\t\t\t\t<\/div>\n\t\t\t\t<\/div>\n\t\t\t\t\t<\/div>\n\t\t<\/div>\n\t\t\t\t\t<\/div>\n\t\t<\/section>\n\t\t\t\t<\/div>\n\t\t","protected":false},"excerpt":{"rendered":"<p>Unsere Geschenk-Gutscheine Wie jedes Jahr kommen Geburtstage, Jubil\u00e4en, Hochzeitstage und Feiertage immer ganz pl\u00f6tzlich daher. Ein Geschenk-Gutschein vom Quellenhof M\u00f6lln ist immer eine super Geschenkidee. Egal ob einen Wertgutschein mit Betrag, einen Gutschein zum Brunch oder Fr\u00fchst\u00fcck oder f\u00fcr eine \u00dcbernachtung bei uns im Hotel wir k\u00f6nnen jeden Gutschein individuell auf Sie zuschneiden. Gern beraten [&hellip;]<\/p>\n","protected":false},"author":2,"featured_media":0,"parent":1238,"menu_order":50,"comment_status":"closed","ping_status":"closed","template":"","meta":{"footnotes":""},"class_list":["post-1248","page","type-page","status-publish","hentry"],"_links":{"self":[{"href":"https:\/\/quellenhof-moelln.de\/en\/wp-json\/wp\/v2\/pages\/1248","targetHints":{"allow":["GET"]}}],"collection":[{"href":"https:\/\/quellenhof-moelln.de\/en\/wp-json\/wp\/v2\/pages"}],"about":[{"href":"https:\/\/quellenhof-moelln.de\/en\/wp-json\/wp\/v2\/types\/page"}],"author":[{"embeddable":true,"href":"https:\/\/quellenhof-moelln.de\/en\/wp-json\/wp\/v2\/users\/2"}],"replies":[{"embeddable":true,"href":"https:\/\/quellenhof-moelln.de\/en\/wp-json\/wp\/v2\/comments?post=1248"}],"version-history":[{"count":2,"href":"https:\/\/quellenhof-moelln.de\/en\/wp-json\/wp\/v2\/pages\/1248\/revisions"}],"predecessor-version":[{"id":3986,"href":"https:\/\/quellenhof-moelln.de\/en\/wp-json\/wp\/v2\/pages\/1248\/revisions\/3986"}],"up":[{"embeddable":true,"href":"https:\/\/quellenhof-moelln.de\/en\/wp-json\/wp\/v2\/pages\/1238"}],"wp:attachment":[{"href":"https:\/\/quellenhof-moelln.de\/en\/wp-json\/wp\/v2\/media?parent=1248"}],"curies":[{"name":"wp","href":"https:\/\/api.w.org\/{rel}","templated":true}]}}