{"id":1245,"date":"2023-03-29T11:57:43","date_gmt":"2023-03-29T09:57:43","guid":{"rendered":"https:\/\/quellenhof-moelln.de\/quellenhof-moelln\/unsere-philosophie\/"},"modified":"2023-06-15T11:52:41","modified_gmt":"2023-06-15T09:52:41","slug":"unsere-philosophie","status":"publish","type":"page","link":"https:\/\/quellenhof-moelln.de\/en\/quellenhof-moelln\/unsere-philosophie\/","title":{"rendered":"Unsere Philosophie"},"content":{"rendered":"\t\t<div data-elementor-type=\"wp-page\" data-elementor-id=\"1245\" class=\"elementor elementor-1245 elementor-520\" data-elementor-settings=\"{&quot;ha_cmc_init_switcher&quot;:&quot;no&quot;}\" data-elementor-post-type=\"page\">\n\t\t\t\t\t\t<section class=\"elementor-section elementor-top-section elementor-element elementor-element-c88d9ed elementor-section-boxed elementor-section-height-default elementor-section-height-default\" data-id=\"c88d9ed\" data-element_type=\"section\" data-e-type=\"section\" data-settings=\"{&quot;background_background&quot;:&quot;classic&quot;,&quot;_ha_eqh_enable&quot;:false}\">\n\t\t\t\t\t\t\t<div class=\"elementor-background-overlay\"><\/div>\n\t\t\t\t\t\t\t<div class=\"elementor-container elementor-column-gap-default\">\n\t\t\t\t\t<div class=\"elementor-column elementor-col-100 elementor-top-column elementor-element elementor-element-4ad3f05\" data-id=\"4ad3f05\" data-element_type=\"column\" data-e-type=\"column\">\n\t\t\t<div class=\"elementor-widget-wrap elementor-element-populated\">\n\t\t\t\t\t\t<div class=\"elementor-element elementor-element-2da9b34 elementor-widget elementor-widget-spacer\" data-id=\"2da9b34\" data-element_type=\"widget\" data-e-type=\"widget\" data-widget_type=\"spacer.default\">\n\t\t\t\t<div class=\"elementor-widget-container\">\n\t\t\t\t\t\t\t<div class=\"elementor-spacer\">\n\t\t\t<div class=\"elementor-spacer-inner\"><\/div>\n\t\t<\/div>\n\t\t\t\t\t\t<\/div>\n\t\t\t\t<\/div>\n\t\t\t\t\t<\/div>\n\t\t<\/div>\n\t\t\t\t\t<\/div>\n\t\t<\/section>\n\t\t\t\t<section class=\"elementor-section elementor-top-section elementor-element elementor-element-47e07fe elementor-section-boxed elementor-section-height-default elementor-section-height-default\" data-id=\"47e07fe\" data-element_type=\"section\" data-e-type=\"section\" data-settings=\"{&quot;background_background&quot;:&quot;classic&quot;,&quot;_ha_eqh_enable&quot;:false}\">\n\t\t\t\t\t\t<div class=\"elementor-container elementor-column-gap-default\">\n\t\t\t\t\t<div class=\"elementor-column elementor-col-100 elementor-top-column elementor-element elementor-element-89f7faf\" data-id=\"89f7faf\" data-element_type=\"column\" data-e-type=\"column\">\n\t\t\t<div class=\"elementor-widget-wrap elementor-element-populated\">\n\t\t\t\t\t\t<div class=\"elementor-element elementor-element-3d908c0 elementor-widget elementor-widget-heading\" data-id=\"3d908c0\" data-element_type=\"widget\" data-e-type=\"widget\" data-widget_type=\"heading.default\">\n\t\t\t\t<div class=\"elementor-widget-container\">\n\t\t\t\t\t<h1 class=\"elementor-heading-title elementor-size-default\">Unsere Philosophie \"Mit Herzblut dabei\"<\/h1>\t\t\t\t<\/div>\n\t\t\t\t<\/div>\n\t\t\t\t<section class=\"elementor-section elementor-inner-section elementor-element elementor-element-32274ba elementor-section-content-middle elementor-section-boxed elementor-section-height-default elementor-section-height-default\" data-id=\"32274ba\" data-element_type=\"section\" data-e-type=\"section\" data-settings=\"{&quot;_ha_eqh_enable&quot;:false}\">\n\t\t\t\t\t\t<div class=\"elementor-container elementor-column-gap-default\">\n\t\t\t\t\t<div class=\"elementor-column elementor-col-50 elementor-inner-column elementor-element elementor-element-ed1685e\" data-id=\"ed1685e\" data-element_type=\"column\" data-e-type=\"column\">\n\t\t\t<div class=\"elementor-widget-wrap elementor-element-populated\">\n\t\t\t\t\t\t<div class=\"elementor-element elementor-element-10bba48 elementor-widget elementor-widget-image\" data-id=\"10bba48\" data-element_type=\"widget\" data-e-type=\"widget\" data-widget_type=\"image.default\">\n\t\t\t\t<div class=\"elementor-widget-container\">\n\t\t\t\t\t\t\t\t\t\t\t\t\t\t\t\t<a href=\"https:\/\/quellenhof-moelln.de\/wp-content\/uploads\/2023\/04\/team.jpg\" data-elementor-open-lightbox=\"yes\" data-elementor-lightbox-title=\"team\" data-e-action-hash=\"#elementor-action%3Aaction%3Dlightbox%26settings%3DeyJpZCI6MTE3NSwidXJsIjoiaHR0cHM6XC9cL3F1ZWxsZW5ob2YtbW9lbGxuLmRlXC93cC1jb250ZW50XC91cGxvYWRzXC8yMDIzXC8wNFwvdGVhbS5qcGcifQ%3D%3D\">\n\t\t\t\t\t\t\t<img fetchpriority=\"high\" decoding=\"async\" width=\"768\" height=\"501\" src=\"https:\/\/quellenhof-moelln.de\/wp-content\/uploads\/2023\/04\/team-768x501.jpg\" class=\"attachment-medium_large size-medium_large wp-image-1175\" alt=\"\" srcset=\"https:\/\/quellenhof-moelln.de\/wp-content\/uploads\/2023\/04\/team-768x501.jpg 768w, https:\/\/quellenhof-moelln.de\/wp-content\/uploads\/2023\/04\/team-300x196.jpg 300w, https:\/\/quellenhof-moelln.de\/wp-content\/uploads\/2023\/04\/team-1024x668.jpg 1024w, https:\/\/quellenhof-moelln.de\/wp-content\/uploads\/2023\/04\/team.jpg 1162w\" sizes=\"(max-width: 768px) 100vw, 768px\" \/>\t\t\t\t\t\t\t\t<\/a>\n\t\t\t\t\t\t\t\t\t\t\t\t\t\t\t<\/div>\n\t\t\t\t<\/div>\n\t\t\t\t\t<\/div>\n\t\t<\/div>\n\t\t\t\t<div class=\"elementor-column elementor-col-50 elementor-inner-column elementor-element elementor-element-2b48dfc\" data-id=\"2b48dfc\" data-element_type=\"column\" data-e-type=\"column\">\n\t\t\t<div class=\"elementor-widget-wrap elementor-element-populated\">\n\t\t\t\t\t\t<div class=\"elementor-element elementor-element-7da0b8a elementor-widget elementor-widget-text-editor\" data-id=\"7da0b8a\" data-element_type=\"widget\" data-e-type=\"widget\" data-widget_type=\"text-editor.default\">\n\t\t\t\t<div class=\"elementor-widget-container\">\n\t\t\t\t\t\t\t\t\t<p>Kann man heutzutage mit einem gastronomischen Betrieb bestehen ohne ihn mit Leidenschaft zu f\u00fchren? Wir denken nicht! Wir handeln nicht wie es ein Marketingkonzept uns vorschreibt, sondern von Herzen. Seit 1992 sind wir die Familie Tofelde Gastgeber mit \u00dcberzeugung mit viel Freude, Aufmerksamkeit und Professionalit\u00e4t umsorgen wir unsere G\u00e4ste.<\/p><p>Die Gastronomie ist eine aufregende Branche, denn kein Tag ist wie der andere. In der schnelllebigen Zeit freuen wir uns immer wieder dar\u00fcber gemeinsam mit unseren G\u00e4sten: lustige Auff\u00fchrungen, emotionale Hochzeiten, moderne Firmenveranstaltungen oder ruhige Kegelabende mit Freunden, Arbeitskollegen oder der Familie begleiten zu d\u00fcrfen.<\/p>\t\t\t\t\t\t\t\t<\/div>\n\t\t\t\t<\/div>\n\t\t\t\t\t<\/div>\n\t\t<\/div>\n\t\t\t\t\t<\/div>\n\t\t<\/section>\n\t\t\t\t<section class=\"elementor-section elementor-inner-section elementor-element elementor-element-98015ac elementor-section-content-middle elementor-section-boxed elementor-section-height-default elementor-section-height-default\" data-id=\"98015ac\" data-element_type=\"section\" data-e-type=\"section\" data-settings=\"{&quot;_ha_eqh_enable&quot;:false}\">\n\t\t\t\t\t\t<div class=\"elementor-container elementor-column-gap-default\">\n\t\t\t\t\t<div class=\"elementor-column elementor-col-50 elementor-inner-column elementor-element elementor-element-79ae931\" data-id=\"79ae931\" data-element_type=\"column\" data-e-type=\"column\">\n\t\t\t<div class=\"elementor-widget-wrap elementor-element-populated\">\n\t\t\t\t\t\t<div class=\"elementor-element elementor-element-bffe30d elementor-widget elementor-widget-text-editor\" data-id=\"bffe30d\" data-element_type=\"widget\" data-e-type=\"widget\" data-widget_type=\"text-editor.default\">\n\t\t\t\t<div class=\"elementor-widget-container\">\n\t\t\t\t\t\t\t\t\t<p>Nur in wenigen Berufen bekommt man so direktes und unverbl\u00fcmtes Feedback und auch wenn wir sicher nicht perfekt sind, sehen wir jedes Feedback als Chance und Ansporn an, um uns f\u00fcr die Zukunft zu verbessern. Menschen vieler Nationen und unterschiedlichsten Alters durchkreuzen unser Leben und egal ob Gast oder Mitglied in unserem Team wir m\u00f6chten das jeder sich bei uns wohlf\u00fchlt.<\/p>\t\t\t\t\t\t\t\t<\/div>\n\t\t\t\t<\/div>\n\t\t\t\t\t<\/div>\n\t\t<\/div>\n\t\t\t\t<div class=\"elementor-column elementor-col-50 elementor-inner-column elementor-element elementor-element-3b44f7e\" data-id=\"3b44f7e\" data-element_type=\"column\" data-e-type=\"column\">\n\t\t\t<div class=\"elementor-widget-wrap elementor-element-populated\">\n\t\t\t\t\t\t<div class=\"elementor-element elementor-element-fd211ce elementor-widget elementor-widget-image\" data-id=\"fd211ce\" data-element_type=\"widget\" data-e-type=\"widget\" data-widget_type=\"image.default\">\n\t\t\t\t<div class=\"elementor-widget-container\">\n\t\t\t\t\t\t\t\t\t\t\t\t\t\t\t\t<a href=\"https:\/\/quellenhof-moelln.de\/wp-content\/uploads\/2023\/04\/quellenhof-moelln-philosophie-01.jpg\" data-elementor-open-lightbox=\"yes\" data-elementor-lightbox-title=\"quellenhof-moelln-philosophie-01\" data-e-action-hash=\"#elementor-action%3Aaction%3Dlightbox%26settings%3DeyJpZCI6MTE3NiwidXJsIjoiaHR0cHM6XC9cL3F1ZWxsZW5ob2YtbW9lbGxuLmRlXC93cC1jb250ZW50XC91cGxvYWRzXC8yMDIzXC8wNFwvcXVlbGxlbmhvZi1tb2VsbG4tcGhpbG9zb3BoaWUtMDEuanBnIn0%3D\">\n\t\t\t\t\t\t\t<img decoding=\"async\" width=\"800\" height=\"532\" src=\"https:\/\/quellenhof-moelln.de\/wp-content\/uploads\/2023\/04\/quellenhof-moelln-philosophie-01-1024x681.jpg\" class=\"attachment-large size-large wp-image-1176\" alt=\"\" srcset=\"https:\/\/quellenhof-moelln.de\/wp-content\/uploads\/2023\/04\/quellenhof-moelln-philosophie-01-1024x681.jpg 1024w, https:\/\/quellenhof-moelln.de\/wp-content\/uploads\/2023\/04\/quellenhof-moelln-philosophie-01-300x200.jpg 300w, https:\/\/quellenhof-moelln.de\/wp-content\/uploads\/2023\/04\/quellenhof-moelln-philosophie-01-768x511.jpg 768w, https:\/\/quellenhof-moelln.de\/wp-content\/uploads\/2023\/04\/quellenhof-moelln-philosophie-01.jpg 1353w\" sizes=\"(max-width: 800px) 100vw, 800px\" \/>\t\t\t\t\t\t\t\t<\/a>\n\t\t\t\t\t\t\t\t\t\t\t\t\t\t\t<\/div>\n\t\t\t\t<\/div>\n\t\t\t\t\t<\/div>\n\t\t<\/div>\n\t\t\t\t\t<\/div>\n\t\t<\/section>\n\t\t\t\t\t<\/div>\n\t\t<\/div>\n\t\t\t\t\t<\/div>\n\t\t<\/section>\n\t\t\t\t<section class=\"elementor-section elementor-top-section elementor-element elementor-element-bf84205 elementor-section-boxed elementor-section-height-default elementor-section-height-default\" data-id=\"bf84205\" data-element_type=\"section\" data-e-type=\"section\" data-settings=\"{&quot;background_background&quot;:&quot;classic&quot;,&quot;_ha_eqh_enable&quot;:false}\">\n\t\t\t\t\t\t\t<div class=\"elementor-background-overlay\"><\/div>\n\t\t\t\t\t\t\t<div class=\"elementor-container elementor-column-gap-extended\">\n\t\t\t\t\t<div class=\"elementor-column elementor-col-100 elementor-top-column elementor-element elementor-element-6a3cf87\" data-id=\"6a3cf87\" data-element_type=\"column\" data-e-type=\"column\">\n\t\t\t<div class=\"elementor-widget-wrap elementor-element-populated\">\n\t\t\t\t\t\t<div class=\"elementor-element elementor-element-8848ff7 elementor-widget elementor-widget-heading\" data-id=\"8848ff7\" data-element_type=\"widget\" data-e-type=\"widget\" data-widget_type=\"heading.default\">\n\t\t\t\t<div class=\"elementor-widget-container\">\n\t\t\t\t\t<h2 class=\"elementor-heading-title elementor-size-default\">Was ist denn nun unsere Philosophie?\u200b<\/h2>\t\t\t\t<\/div>\n\t\t\t\t<\/div>\n\t\t\t\t<div class=\"elementor-element elementor-element-1b72dee elementor-widget elementor-widget-text-editor\" data-id=\"1b72dee\" data-element_type=\"widget\" data-e-type=\"widget\" data-widget_type=\"text-editor.default\">\n\t\t\t\t<div class=\"elementor-widget-container\">\n\t\t\t\t\t\t\t\t\t<p>Das l\u00e4sst sich ganz einfach sagen:<\/p><p>Wir leben nicht nur f\u00fcr unseren Job, wir machen ihn auch gerne!<br \/>Unsere Mitarbeiter geh\u00f6ren nach vielen gemeinsamen Jahren zur Familie und f\u00fcr uns alle sind Sie, die G\u00e4ste, der gr\u00f6\u00dfte Ansporn, um uns stetig zu verbessern und Ihnen bei jedem Besuch eine angenehme und unvergessliche Zeit zu bereiten.<\/p>\t\t\t\t\t\t\t\t<\/div>\n\t\t\t\t<\/div>\n\t\t\t\t\t<\/div>\n\t\t<\/div>\n\t\t\t\t\t<\/div>\n\t\t<\/section>\n\t\t\t\t<\/div>\n\t\t","protected":false},"excerpt":{"rendered":"<p>Unsere Philosophie &#8220;Mit Herzblut dabei&#8221; Kann man heutzutage mit einem gastronomischen Betrieb bestehen ohne ihn mit Leidenschaft zu f\u00fchren? Wir denken nicht! Wir handeln nicht wie es ein Marketingkonzept uns vorschreibt, sondern von Herzen. Seit 1992 sind wir die Familie Tofelde Gastgeber mit \u00dcberzeugung mit viel Freude, Aufmerksamkeit und Professionalit\u00e4t umsorgen wir unsere G\u00e4ste. Die [&hellip;]<\/p>\n","protected":false},"author":2,"featured_media":0,"parent":1238,"menu_order":40,"comment_status":"closed","ping_status":"closed","template":"","meta":{"footnotes":""},"class_list":["post-1245","page","type-page","status-publish","hentry"],"_links":{"self":[{"href":"https:\/\/quellenhof-moelln.de\/en\/wp-json\/wp\/v2\/pages\/1245","targetHints":{"allow":["GET"]}}],"collection":[{"href":"https:\/\/quellenhof-moelln.de\/en\/wp-json\/wp\/v2\/pages"}],"about":[{"href":"https:\/\/quellenhof-moelln.de\/en\/wp-json\/wp\/v2\/types\/page"}],"author":[{"embeddable":true,"href":"https:\/\/quellenhof-moelln.de\/en\/wp-json\/wp\/v2\/users\/2"}],"replies":[{"embeddable":true,"href":"https:\/\/quellenhof-moelln.de\/en\/wp-json\/wp\/v2\/comments?post=1245"}],"version-history":[{"count":1,"href":"https:\/\/quellenhof-moelln.de\/en\/wp-json\/wp\/v2\/pages\/1245\/revisions"}],"predecessor-version":[{"id":1247,"href":"https:\/\/quellenhof-moelln.de\/en\/wp-json\/wp\/v2\/pages\/1245\/revisions\/1247"}],"up":[{"embeddable":true,"href":"https:\/\/quellenhof-moelln.de\/en\/wp-json\/wp\/v2\/pages\/1238"}],"wp:attachment":[{"href":"https:\/\/quellenhof-moelln.de\/en\/wp-json\/wp\/v2\/media?parent=1245"}],"curies":[{"name":"wp","href":"https:\/\/api.w.org\/{rel}","templated":true}]}}