{"id":1244,"date":"2023-03-29T10:22:43","date_gmt":"2023-03-29T08:22:43","guid":{"rendered":"https:\/\/quellenhof-moelln.de\/quellenhof-moelln\/unsere-geschichte\/"},"modified":"2023-11-13T20:12:45","modified_gmt":"2023-11-13T19:12:45","slug":"unsere-geschichte","status":"publish","type":"page","link":"https:\/\/quellenhof-moelln.de\/en\/quellenhof-moelln\/unsere-geschichte\/","title":{"rendered":"Unsere Geschichte"},"content":{"rendered":"\t\t<div data-elementor-type=\"wp-page\" data-elementor-id=\"1244\" class=\"elementor elementor-1244 elementor-486\" data-elementor-settings=\"{&quot;ha_cmc_init_switcher&quot;:&quot;no&quot;}\" data-elementor-post-type=\"page\">\n\t\t\t\t\t\t<section class=\"elementor-section elementor-top-section elementor-element elementor-element-c88d9ed elementor-section-boxed elementor-section-height-default elementor-section-height-default\" data-id=\"c88d9ed\" data-element_type=\"section\" data-e-type=\"section\" data-settings=\"{&quot;background_background&quot;:&quot;classic&quot;,&quot;_ha_eqh_enable&quot;:false}\">\n\t\t\t\t\t\t\t<div class=\"elementor-background-overlay\"><\/div>\n\t\t\t\t\t\t\t<div class=\"elementor-container elementor-column-gap-default\">\n\t\t\t\t\t<div class=\"elementor-column elementor-col-100 elementor-top-column elementor-element elementor-element-4ad3f05\" data-id=\"4ad3f05\" data-element_type=\"column\" data-e-type=\"column\">\n\t\t\t<div class=\"elementor-widget-wrap elementor-element-populated\">\n\t\t\t\t\t\t<div class=\"elementor-element elementor-element-2da9b34 elementor-widget elementor-widget-spacer\" data-id=\"2da9b34\" data-element_type=\"widget\" data-e-type=\"widget\" data-widget_type=\"spacer.default\">\n\t\t\t\t<div class=\"elementor-widget-container\">\n\t\t\t\t\t\t\t<div class=\"elementor-spacer\">\n\t\t\t<div class=\"elementor-spacer-inner\"><\/div>\n\t\t<\/div>\n\t\t\t\t\t\t<\/div>\n\t\t\t\t<\/div>\n\t\t\t\t\t<\/div>\n\t\t<\/div>\n\t\t\t\t\t<\/div>\n\t\t<\/section>\n\t\t\t\t<section class=\"elementor-section elementor-top-section elementor-element elementor-element-47e07fe elementor-section-boxed elementor-section-height-default elementor-section-height-default\" data-id=\"47e07fe\" data-element_type=\"section\" data-e-type=\"section\" data-settings=\"{&quot;background_background&quot;:&quot;classic&quot;,&quot;_ha_eqh_enable&quot;:false}\">\n\t\t\t\t\t\t<div class=\"elementor-container elementor-column-gap-default\">\n\t\t\t\t\t<div class=\"elementor-column elementor-col-100 elementor-top-column elementor-element elementor-element-89f7faf\" data-id=\"89f7faf\" data-element_type=\"column\" data-e-type=\"column\">\n\t\t\t<div class=\"elementor-widget-wrap elementor-element-populated\">\n\t\t\t\t\t\t<div class=\"elementor-element elementor-element-3d908c0 elementor-widget elementor-widget-heading\" data-id=\"3d908c0\" data-element_type=\"widget\" data-e-type=\"widget\" data-widget_type=\"heading.default\">\n\t\t\t\t<div class=\"elementor-widget-container\">\n\t\t\t\t\t<h2 class=\"elementor-heading-title elementor-size-default\">Unsere Geschichte<\/h2>\t\t\t\t<\/div>\n\t\t\t\t<\/div>\n\t\t\t\t<section class=\"elementor-section elementor-inner-section elementor-element elementor-element-32274ba elementor-section-content-middle elementor-section-boxed elementor-section-height-default elementor-section-height-default\" data-id=\"32274ba\" data-element_type=\"section\" data-e-type=\"section\" data-settings=\"{&quot;_ha_eqh_enable&quot;:false}\">\n\t\t\t\t\t\t<div class=\"elementor-container elementor-column-gap-default\">\n\t\t\t\t\t<div class=\"elementor-column elementor-col-50 elementor-inner-column elementor-element elementor-element-ed1685e\" data-id=\"ed1685e\" data-element_type=\"column\" data-e-type=\"column\">\n\t\t\t<div class=\"elementor-widget-wrap elementor-element-populated\">\n\t\t\t\t\t\t<div class=\"elementor-element elementor-element-10bba48 elementor-widget elementor-widget-image\" data-id=\"10bba48\" data-element_type=\"widget\" data-e-type=\"widget\" data-widget_type=\"image.default\">\n\t\t\t\t<div class=\"elementor-widget-container\">\n\t\t\t\t\t\t\t\t\t\t\t\t\t\t\t\t<a href=\"https:\/\/quellenhof-moelln.de\/wp-content\/uploads\/2023\/03\/Schuetzenhof-Quellenhof2180-Geschichte-01.jpg\" data-elementor-open-lightbox=\"yes\" data-elementor-lightbox-title=\"Schuetzenhof-Quellenhof2180-Geschichte-01\" data-e-action-hash=\"#elementor-action%3Aaction%3Dlightbox%26settings%3DeyJpZCI6MTE3MiwidXJsIjoiaHR0cHM6XC9cL3F1ZWxsZW5ob2YtbW9lbGxuLmRlXC93cC1jb250ZW50XC91cGxvYWRzXC8yMDIzXC8wM1wvU2NodWV0emVuaG9mLVF1ZWxsZW5ob2YyMTgwLUdlc2NoaWNodGUtMDEuanBnIn0%3D\">\n\t\t\t\t\t\t\t<img fetchpriority=\"high\" decoding=\"async\" width=\"768\" height=\"479\" src=\"https:\/\/quellenhof-moelln.de\/wp-content\/uploads\/2023\/03\/Schuetzenhof-Quellenhof2180-Geschichte-01-768x479.jpg\" class=\"attachment-medium_large size-medium_large wp-image-1172\" alt=\"\" srcset=\"https:\/\/quellenhof-moelln.de\/wp-content\/uploads\/2023\/03\/Schuetzenhof-Quellenhof2180-Geschichte-01-768x479.jpg 768w, https:\/\/quellenhof-moelln.de\/wp-content\/uploads\/2023\/03\/Schuetzenhof-Quellenhof2180-Geschichte-01-300x187.jpg 300w, https:\/\/quellenhof-moelln.de\/wp-content\/uploads\/2023\/03\/Schuetzenhof-Quellenhof2180-Geschichte-01-1024x639.jpg 1024w, https:\/\/quellenhof-moelln.de\/wp-content\/uploads\/2023\/03\/Schuetzenhof-Quellenhof2180-Geschichte-01.jpg 1442w\" sizes=\"(max-width: 768px) 100vw, 768px\" \/>\t\t\t\t\t\t\t\t<\/a>\n\t\t\t\t\t\t\t\t\t\t\t\t\t\t\t<\/div>\n\t\t\t\t<\/div>\n\t\t\t\t\t<\/div>\n\t\t<\/div>\n\t\t\t\t<div class=\"elementor-column elementor-col-50 elementor-inner-column elementor-element elementor-element-2b48dfc\" data-id=\"2b48dfc\" data-element_type=\"column\" data-e-type=\"column\">\n\t\t\t<div class=\"elementor-widget-wrap elementor-element-populated\">\n\t\t\t\t\t\t<div class=\"elementor-element elementor-element-7da0b8a elementor-widget elementor-widget-text-editor\" data-id=\"7da0b8a\" data-element_type=\"widget\" data-e-type=\"widget\" data-widget_type=\"text-editor.default\">\n\t\t\t\t<div class=\"elementor-widget-container\">\n\t\t\t\t\t\t\t\t\t<p>Das Geb\u00e4ude des Quellenhof-M\u00f6lln blickt auf eine weite Geschichte bis in das 18. Jahrhundert zur\u00fcck. Nach einem gro\u00dfen Sturm im Jahre 1792 war der Bauk\u00f6rper bauf\u00e4llig, sodass das bereits vorher in die Jahre gekommene Geb\u00e4ude ein Jahr sp\u00e4ter abgerissen wurde. 1793 feierte das neue Haus erstmalig als Sch\u00fctzenhof seine Neuer\u00f6ffnung.<\/p>\n\t\t\t\t\t\t\t\t<\/div>\n\t\t\t\t<\/div>\n\t\t\t\t<div class=\"elementor-element elementor-element-736d95d elementor-widget elementor-widget-text-editor\" data-id=\"736d95d\" data-element_type=\"widget\" data-e-type=\"widget\" data-widget_type=\"text-editor.default\">\n\t\t\t\t<div class=\"elementor-widget-container\">\n\t\t\t\t\t\t\t\t\t<p>Im Jahre 1911 brach ein gro\u00dfes Feuer aus, welches dazu f\u00fchrte das fast das gesamte Geb\u00e4ude abbrannte. Nur einige wenige W\u00e4nde konnten beim erneuten Neu- und Ausbau des Sch\u00fctzenhofes genutzt werden.<\/p>\n\t\t\t\t\t\t\t\t<\/div>\n\t\t\t\t<\/div>\n\t\t\t\t\t<\/div>\n\t\t<\/div>\n\t\t\t\t\t<\/div>\n\t\t<\/section>\n\t\t\t\t<section class=\"elementor-section elementor-inner-section elementor-element elementor-element-98015ac elementor-section-content-middle elementor-section-boxed elementor-section-height-default elementor-section-height-default\" data-id=\"98015ac\" data-element_type=\"section\" data-e-type=\"section\" data-settings=\"{&quot;_ha_eqh_enable&quot;:false}\">\n\t\t\t\t\t\t<div class=\"elementor-container elementor-column-gap-default\">\n\t\t\t\t\t<div class=\"elementor-column elementor-col-50 elementor-inner-column elementor-element elementor-element-79ae931\" data-id=\"79ae931\" data-element_type=\"column\" data-e-type=\"column\">\n\t\t\t<div class=\"elementor-widget-wrap elementor-element-populated\">\n\t\t\t\t\t\t<div class=\"elementor-element elementor-element-bffe30d elementor-widget elementor-widget-text-editor\" data-id=\"bffe30d\" data-element_type=\"widget\" data-e-type=\"widget\" data-widget_type=\"text-editor.default\">\n\t\t\t\t<div class=\"elementor-widget-container\">\n\t\t\t\t\t\t\t\t\t<p>Um 1922 verkaufte der Besitzer Familie Schr\u00f6der den Betrieb und es folgten einige weitere Besitzer bis 1958. Ab diesem Zeitpunkt erwarb Hugo Buchholz das Geb\u00e4ude und machte es zu einem der Dreh- und Angelpunkte f\u00fcr Vereine, Betriebe und Privatpersonen in der ganzen Umgebung.<\/p>\n\t\t\t\t\t\t\t\t<\/div>\n\t\t\t\t<\/div>\n\t\t\t\t<div class=\"elementor-element elementor-element-1b72dee elementor-widget elementor-widget-text-editor\" data-id=\"1b72dee\" data-element_type=\"widget\" data-e-type=\"widget\" data-widget_type=\"text-editor.default\">\n\t\t\t\t<div class=\"elementor-widget-container\">\n\t\t\t\t\t\t\t\t\t<p>Im Jahre 1966 erwarb die Stadt M\u00f6lln das Grundst\u00fcck mit dem Geb\u00e4ude und ab diesem Moment wurde aus dem Sch\u00fctzenhof der &#8220;Quellenhof&#8221;.<\/p>\n\t\t\t\t\t\t\t\t<\/div>\n\t\t\t\t<\/div>\n\t\t\t\t\t<\/div>\n\t\t<\/div>\n\t\t\t\t<div class=\"elementor-column elementor-col-50 elementor-inner-column elementor-element elementor-element-3b44f7e\" data-id=\"3b44f7e\" data-element_type=\"column\" data-e-type=\"column\">\n\t\t\t<div class=\"elementor-widget-wrap elementor-element-populated\">\n\t\t\t\t\t\t<div class=\"elementor-element elementor-element-fd211ce elementor-widget elementor-widget-image\" data-id=\"fd211ce\" data-element_type=\"widget\" data-e-type=\"widget\" data-widget_type=\"image.default\">\n\t\t\t\t<div class=\"elementor-widget-container\">\n\t\t\t\t\t\t\t\t\t\t\t\t\t\t\t\t<a href=\"https:\/\/quellenhof-moelln.de\/wp-content\/uploads\/2023\/03\/Schuetzenhof-Quellenhof2158-Geschichte-02.jpg\" data-elementor-open-lightbox=\"yes\" data-elementor-lightbox-title=\"Schuetzenhof-Quellenhof2158-Geschichte-02\" data-e-action-hash=\"#elementor-action%3Aaction%3Dlightbox%26settings%3DeyJpZCI6MTE3MywidXJsIjoiaHR0cHM6XC9cL3F1ZWxsZW5ob2YtbW9lbGxuLmRlXC93cC1jb250ZW50XC91cGxvYWRzXC8yMDIzXC8wM1wvU2NodWV0emVuaG9mLVF1ZWxsZW5ob2YyMTU4LUdlc2NoaWNodGUtMDIuanBnIn0%3D\">\n\t\t\t\t\t\t\t<img decoding=\"async\" width=\"768\" height=\"534\" src=\"https:\/\/quellenhof-moelln.de\/wp-content\/uploads\/2023\/03\/Schuetzenhof-Quellenhof2158-Geschichte-02-768x534.jpg\" class=\"attachment-medium_large size-medium_large wp-image-1173\" alt=\"\" srcset=\"https:\/\/quellenhof-moelln.de\/wp-content\/uploads\/2023\/03\/Schuetzenhof-Quellenhof2158-Geschichte-02-768x534.jpg 768w, https:\/\/quellenhof-moelln.de\/wp-content\/uploads\/2023\/03\/Schuetzenhof-Quellenhof2158-Geschichte-02-300x209.jpg 300w, https:\/\/quellenhof-moelln.de\/wp-content\/uploads\/2023\/03\/Schuetzenhof-Quellenhof2158-Geschichte-02-1024x712.jpg 1024w, https:\/\/quellenhof-moelln.de\/wp-content\/uploads\/2023\/03\/Schuetzenhof-Quellenhof2158-Geschichte-02.jpg 1294w\" sizes=\"(max-width: 768px) 100vw, 768px\" \/>\t\t\t\t\t\t\t\t<\/a>\n\t\t\t\t\t\t\t\t\t\t\t\t\t\t\t<\/div>\n\t\t\t\t<\/div>\n\t\t\t\t\t<\/div>\n\t\t<\/div>\n\t\t\t\t\t<\/div>\n\t\t<\/section>\n\t\t\t\t<section class=\"elementor-section elementor-inner-section elementor-element elementor-element-46fa7ee elementor-section-content-middle elementor-section-boxed elementor-section-height-default elementor-section-height-default\" data-id=\"46fa7ee\" data-element_type=\"section\" data-e-type=\"section\" data-settings=\"{&quot;_ha_eqh_enable&quot;:false}\">\n\t\t\t\t\t\t<div class=\"elementor-container elementor-column-gap-default\">\n\t\t\t\t\t<div class=\"elementor-column elementor-col-50 elementor-inner-column elementor-element elementor-element-c0756f6\" data-id=\"c0756f6\" data-element_type=\"column\" data-e-type=\"column\">\n\t\t\t<div class=\"elementor-widget-wrap elementor-element-populated\">\n\t\t\t\t\t\t<div class=\"elementor-element elementor-element-85be512 elementor-widget elementor-widget-image\" data-id=\"85be512\" data-element_type=\"widget\" data-e-type=\"widget\" data-widget_type=\"image.default\">\n\t\t\t\t<div class=\"elementor-widget-container\">\n\t\t\t\t\t\t\t\t\t\t\t\t\t\t\t\t<a href=\"https:\/\/quellenhof-moelln.de\/wp-content\/uploads\/2023\/03\/Schuetzenhof-Quellenhof-Geschichte-04.jpg\" data-elementor-open-lightbox=\"yes\" data-elementor-lightbox-title=\"Schuetzenhof-Quellenhof-Geschichte-04\" data-e-action-hash=\"#elementor-action%3Aaction%3Dlightbox%26settings%3DeyJpZCI6MTE3NCwidXJsIjoiaHR0cHM6XC9cL3F1ZWxsZW5ob2YtbW9lbGxuLmRlXC93cC1jb250ZW50XC91cGxvYWRzXC8yMDIzXC8wM1wvU2NodWV0emVuaG9mLVF1ZWxsZW5ob2YtR2VzY2hpY2h0ZS0wNC5qcGcifQ%3D%3D\">\n\t\t\t\t\t\t\t<img decoding=\"async\" width=\"572\" height=\"401\" src=\"https:\/\/quellenhof-moelln.de\/wp-content\/uploads\/2023\/03\/Schuetzenhof-Quellenhof-Geschichte-04.jpg\" class=\"attachment-medium_large size-medium_large wp-image-1174\" alt=\"\" srcset=\"https:\/\/quellenhof-moelln.de\/wp-content\/uploads\/2023\/03\/Schuetzenhof-Quellenhof-Geschichte-04.jpg 572w, https:\/\/quellenhof-moelln.de\/wp-content\/uploads\/2023\/03\/Schuetzenhof-Quellenhof-Geschichte-04-300x210.jpg 300w\" sizes=\"(max-width: 572px) 100vw, 572px\" \/>\t\t\t\t\t\t\t\t<\/a>\n\t\t\t\t\t\t\t\t\t\t\t\t\t\t\t<\/div>\n\t\t\t\t<\/div>\n\t\t\t\t\t<\/div>\n\t\t<\/div>\n\t\t\t\t<div class=\"elementor-column elementor-col-50 elementor-inner-column elementor-element elementor-element-7c87d94\" data-id=\"7c87d94\" data-element_type=\"column\" data-e-type=\"column\">\n\t\t\t<div class=\"elementor-widget-wrap elementor-element-populated\">\n\t\t\t\t\t\t<div class=\"elementor-element elementor-element-639fa4d elementor-widget elementor-widget-text-editor\" data-id=\"639fa4d\" data-element_type=\"widget\" data-e-type=\"widget\" data-widget_type=\"text-editor.default\">\n\t\t\t\t<div class=\"elementor-widget-container\">\n\t\t\t\t\t\t\t\t\t<p>Nachdem das Geb\u00e4ude von 1986 bis 1991 leer stand, wurde es ab 1992 von der Familie Tofelde neu er\u00f6ffnet und in diesem Zusammenhang gro\u00dfr\u00e4umig saniert und ausgebaut. Die Familie besa\u00df vorher das Restaurant &#8220;Tofi&#8221; in der Gemeinde B\u00fcchen und verkaufte dieses um das Projekt &#8220;Quellenhof&#8221; zu verwirklichen. Neben den Veranstaltungsr\u00e4umen und dem Restaurant wurden 18 Hotelzimmer auf 2 Stockwerken erg\u00e4nzt. In den folgenden Jahren erfolgten weitere Um- und Anbauten wie zum Beispiel der Wintergarten im Jahre 1999.<\/p>\n\t\t\t\t\t\t\t\t<\/div>\n\t\t\t\t<\/div>\n\t\t\t\t\t<\/div>\n\t\t<\/div>\n\t\t\t\t\t<\/div>\n\t\t<\/section>\n\t\t\t\t<section class=\"elementor-section elementor-inner-section elementor-element elementor-element-7056eca elementor-section-content-middle elementor-section-boxed elementor-section-height-default elementor-section-height-default\" data-id=\"7056eca\" data-element_type=\"section\" data-e-type=\"section\" data-settings=\"{&quot;_ha_eqh_enable&quot;:false}\">\n\t\t\t\t\t\t<div class=\"elementor-container elementor-column-gap-default\">\n\t\t\t\t\t<div class=\"elementor-column elementor-col-50 elementor-inner-column elementor-element elementor-element-110c69d\" data-id=\"110c69d\" data-element_type=\"column\" data-e-type=\"column\">\n\t\t\t<div class=\"elementor-widget-wrap elementor-element-populated\">\n\t\t\t\t\t\t<div class=\"elementor-element elementor-element-89a2962 elementor-widget elementor-widget-text-editor\" data-id=\"89a2962\" data-element_type=\"widget\" data-e-type=\"widget\" data-widget_type=\"text-editor.default\">\n\t\t\t\t<div class=\"elementor-widget-container\">\n\t\t\t\t\t\t\t\t\t<p>Im Jahre 2009 erfolgte eine Modernisierung des Eingangsbereiches, der Hotelzimmer und der Veranstaltungsr\u00e4ume. Das Restaurant schloss sich im Jahre 2016 an.<\/p>\n<p>\u00a0<\/p>\n\t\t\t\t\t\t\t\t<\/div>\n\t\t\t\t<\/div>\n\t\t\t\t<div class=\"elementor-element elementor-element-c800769 elementor-widget elementor-widget-text-editor\" data-id=\"c800769\" data-element_type=\"widget\" data-e-type=\"widget\" data-widget_type=\"text-editor.default\">\n\t\t\t\t<div class=\"elementor-widget-container\">\n\t\t\t\t\t\t\t\t\t<p>Im Jahre 2020 \u00fcbernahm Daniel Tofelde von seinem Gro\u00dfvater Richard Tofelde die Gesch\u00e4fte und f\u00fchrt so die Gastronomie &amp; Hotellerie seiner Familie fort.<\/p><p><br><\/p><p>Das Jahr 2023 stand ganz unter der Primisse alles Neu macht der Mai. Die ersten 9 Hotelzimmer wurden grundsaniert, erhielten neue Fenster und die Pfeiler der Arcarden strahlen nun in neuer Farbe.<\/p><p>F\u00fcr die Zukunft (2024) ist eine weitere Renovierung\/Sanierung der&nbsp; Hotelzimmer geplant, sowie die Montage einer Photovoltaikanlage. Des Weiteren wird in unmittelbarer N\u00e4he eine Lades\u00e4ule f\u00fcr E-Fahrzeuge errichtet.<br><\/p>\n<p><\/p>\t\t\t\t\t\t\t\t<\/div>\n\t\t\t\t<\/div>\n\t\t\t\t\t<\/div>\n\t\t<\/div>\n\t\t\t\t<div class=\"elementor-column elementor-col-50 elementor-inner-column elementor-element elementor-element-8a693de\" data-id=\"8a693de\" data-element_type=\"column\" data-e-type=\"column\">\n\t\t\t<div class=\"elementor-widget-wrap elementor-element-populated\">\n\t\t\t\t\t\t<div class=\"elementor-element elementor-element-0e7b52a elementor-widget elementor-widget-image\" data-id=\"0e7b52a\" data-element_type=\"widget\" data-e-type=\"widget\" data-widget_type=\"image.default\">\n\t\t\t\t<div class=\"elementor-widget-container\">\n\t\t\t\t\t\t\t\t\t\t\t\t\t\t\t\t<a href=\"https:\/\/quellenhof-moelln.de\/wp-content\/uploads\/2023\/03\/Schuetzenhof-Quellenhof2165-Geschichte-03.jpg\" data-elementor-open-lightbox=\"yes\" data-elementor-lightbox-title=\"Schuetzenhof-Quellenhof2165-Geschichte-03\" data-e-action-hash=\"#elementor-action%3Aaction%3Dlightbox%26settings%3DeyJpZCI6MTE3MSwidXJsIjoiaHR0cHM6XC9cL3F1ZWxsZW5ob2YtbW9lbGxuLmRlXC93cC1jb250ZW50XC91cGxvYWRzXC8yMDIzXC8wM1wvU2NodWV0emVuaG9mLVF1ZWxsZW5ob2YyMTY1LUdlc2NoaWNodGUtMDMuanBnIn0%3D\">\n\t\t\t\t\t\t\t<img loading=\"lazy\" decoding=\"async\" width=\"768\" height=\"541\" src=\"https:\/\/quellenhof-moelln.de\/wp-content\/uploads\/2023\/03\/Schuetzenhof-Quellenhof2165-Geschichte-03-768x541.jpg\" class=\"attachment-medium_large size-medium_large wp-image-1171\" alt=\"\" srcset=\"https:\/\/quellenhof-moelln.de\/wp-content\/uploads\/2023\/03\/Schuetzenhof-Quellenhof2165-Geschichte-03-768x541.jpg 768w, https:\/\/quellenhof-moelln.de\/wp-content\/uploads\/2023\/03\/Schuetzenhof-Quellenhof2165-Geschichte-03-300x211.jpg 300w, https:\/\/quellenhof-moelln.de\/wp-content\/uploads\/2023\/03\/Schuetzenhof-Quellenhof2165-Geschichte-03-1024x721.jpg 1024w, https:\/\/quellenhof-moelln.de\/wp-content\/uploads\/2023\/03\/Schuetzenhof-Quellenhof2165-Geschichte-03.jpg 1278w\" sizes=\"(max-width: 768px) 100vw, 768px\" \/>\t\t\t\t\t\t\t\t<\/a>\n\t\t\t\t\t\t\t\t\t\t\t\t\t\t\t<\/div>\n\t\t\t\t<\/div>\n\t\t\t\t\t<\/div>\n\t\t<\/div>\n\t\t\t\t\t<\/div>\n\t\t<\/section>\n\t\t\t\t\t<\/div>\n\t\t<\/div>\n\t\t\t\t\t<\/div>\n\t\t<\/section>\n\t\t\t\t<\/div>\n\t\t","protected":false},"excerpt":{"rendered":"<p>Unsere Geschichte Das Geb\u00e4ude des Quellenhof-M\u00f6lln blickt auf eine weite Geschichte bis in das 18. Jahrhundert zur\u00fcck. Nach einem gro\u00dfen Sturm im Jahre 1792 war der Bauk\u00f6rper bauf\u00e4llig, sodass das bereits vorher in die Jahre gekommene Geb\u00e4ude ein Jahr sp\u00e4ter abgerissen wurde. 1793 feierte das neue Haus erstmalig als Sch\u00fctzenhof seine Neuer\u00f6ffnung. Im Jahre 1911 [&hellip;]<\/p>\n","protected":false},"author":2,"featured_media":0,"parent":1238,"menu_order":20,"comment_status":"closed","ping_status":"closed","template":"","meta":{"footnotes":""},"class_list":["post-1244","page","type-page","status-publish","hentry"],"_links":{"self":[{"href":"https:\/\/quellenhof-moelln.de\/en\/wp-json\/wp\/v2\/pages\/1244","targetHints":{"allow":["GET"]}}],"collection":[{"href":"https:\/\/quellenhof-moelln.de\/en\/wp-json\/wp\/v2\/pages"}],"about":[{"href":"https:\/\/quellenhof-moelln.de\/en\/wp-json\/wp\/v2\/types\/page"}],"author":[{"embeddable":true,"href":"https:\/\/quellenhof-moelln.de\/en\/wp-json\/wp\/v2\/users\/2"}],"replies":[{"embeddable":true,"href":"https:\/\/quellenhof-moelln.de\/en\/wp-json\/wp\/v2\/comments?post=1244"}],"version-history":[{"count":1,"href":"https:\/\/quellenhof-moelln.de\/en\/wp-json\/wp\/v2\/pages\/1244\/revisions"}],"predecessor-version":[{"id":1975,"href":"https:\/\/quellenhof-moelln.de\/en\/wp-json\/wp\/v2\/pages\/1244\/revisions\/1975"}],"up":[{"embeddable":true,"href":"https:\/\/quellenhof-moelln.de\/en\/wp-json\/wp\/v2\/pages\/1238"}],"wp:attachment":[{"href":"https:\/\/quellenhof-moelln.de\/en\/wp-json\/wp\/v2\/media?parent=1244"}],"curies":[{"name":"wp","href":"https:\/\/api.w.org\/{rel}","templated":true}]}}